{"id":6540,"date":"2025-06-12T13:54:40","date_gmt":"2025-06-12T13:54:40","guid":{"rendered":"https:\/\/2btube.com\/mx\/?page_id=6540"},"modified":"2026-03-30T23:37:57","modified_gmt":"2026-03-30T23:37:57","slug":"transparencia","status":"publish","type":"page","link":"https:\/\/2btube.com\/mx\/transparencia\/","title":{"rendered":"Transparencia"},"content":{"rendered":"<h2>Transparencia<\/h2>\n<section data-id=\"1a4570c\" data-element_type=\"section\" data-settings=\"{&quot;jet_parallax_layout_list&quot;:[]}\">\n<section data-id=\"61d0c64\" data-element_type=\"section\" data-settings=\"{&quot;jet_parallax_layout_list&quot;:[]}\">2btube, sus afiliadas, as\u00ed como secciones y divisiones asociados o vinculados tratan los datos personales de conformidad con los principios rectores de la normativa europea sobre privacidad.<\/p>\n<p>El Reglamento 2016\/679 (UE), del <a href=\"https:\/\/www.europarl.europa.eu\/portal\/es\" target=\"_blank\" rel=\"noopener\">Parlamento Europeo<\/a> y del Consejo, de 27 de abril de 2016, General de Protecci\u00f3n de Datos es el marco normativo que rige el tratamiento de datos personales en la Uni\u00f3n Europea. Desde 2btube queremos informar los pilares sobre los que se asienta nuestra Pol\u00edtica de Privacidad, que puedes encontrar en el siguiente enlace:\u00a0<a href=\"https:\/\/2btube.com\/politica-de-privacidad\/\">https:\/\/2btube.com\/politica-de-privacidad<\/a><\/p>\n<p>En 2btube tratamos tus datos personales en base a los principios de transparencia, claridad, lealtad y licitud, limit\u00e1ndonos \u00fanicamente al tratamiento de tus datos que sea imprescindible para la finalidad concreta y \u00fanicamente durante el tiempo estrictamente necesario para cumplir con la finalidad o porque una obligaci\u00f3n legal nos indique un tiempo determinado.<\/p>\n<p>En cualquier momento, los usuarios pueden consultarnos sus dudas al correo electr\u00f3nico\u00a0<a href=\"mailto:info@2btube.com\">info@2btube.com<\/a>, incluyendo en el asunto \u201cDuda: Protecci\u00f3n de Datos Personales\u201d. Garantizamos una pronta respuesta e, incluso, si lo desean, un contacto m\u00e1s directo por v\u00eda telef\u00f3nica.<\/p>\n<p>Recuerda que los interesados pueden de forma gratuita ejercer sus derechos de acceso, rectificaci\u00f3n, supresi\u00f3n, oposici\u00f3n, limitaci\u00f3n y portabilidad, utilizando para ello los canales que se indican en nuestra Pol\u00edtica de Privacidad.<\/p>\n<p>En cualquier caso, tus datos estar\u00e1n en todo momento protegidos, pues hemos establecido protocolos de seguridad internos destinados a la protecci\u00f3n y confidencialidad de los datos personales.<\/p>\n<\/section>\n<\/section>\n","protected":false},"excerpt":{"rendered":"<p>Transparencia 2btube, sus afiliadas, as\u00ed como secciones y divisiones asociados o vinculados tratan los datos personales de conformidad con los principios rectores de la normativa europea sobre privacidad. El Reglamento 2016\/679 (UE), del Parlamento Europeo y del Consejo, de 27 de abril de 2016, General de Protecci\u00f3n de Datos es el marco normativo que rige [&hellip;]<\/p>\n","protected":false},"author":2,"featured_media":0,"parent":0,"menu_order":0,"comment_status":"closed","ping_status":"closed","template":"","meta":{"_joinchat":[],"footnotes":""},"class_list":["post-6540","page","type-page","status-publish","hentry"],"_links":{"self":[{"href":"https:\/\/2btube.com\/mx\/wp-json\/wp\/v2\/pages\/6540","targetHints":{"allow":["GET"]}}],"collection":[{"href":"https:\/\/2btube.com\/mx\/wp-json\/wp\/v2\/pages"}],"about":[{"href":"https:\/\/2btube.com\/mx\/wp-json\/wp\/v2\/types\/page"}],"author":[{"embeddable":true,"href":"https:\/\/2btube.com\/mx\/wp-json\/wp\/v2\/users\/2"}],"replies":[{"embeddable":true,"href":"https:\/\/2btube.com\/mx\/wp-json\/wp\/v2\/comments?post=6540"}],"version-history":[{"count":2,"href":"https:\/\/2btube.com\/mx\/wp-json\/wp\/v2\/pages\/6540\/revisions"}],"predecessor-version":[{"id":19054,"href":"https:\/\/2btube.com\/mx\/wp-json\/wp\/v2\/pages\/6540\/revisions\/19054"}],"wp:attachment":[{"href":"https:\/\/2btube.com\/mx\/wp-json\/wp\/v2\/media?parent=6540"}],"curies":[{"name":"wp","href":"https:\/\/api.w.org\/{rel}","templated":true}]}}