{"id":6535,"date":"2025-06-12T13:53:59","date_gmt":"2025-06-12T13:53:59","guid":{"rendered":"https:\/\/2btube.com\/mx\/?page_id=6535"},"modified":"2025-07-02T10:08:03","modified_gmt":"2025-07-02T10:08:03","slug":"privacidad","status":"publish","type":"page","link":"https:\/\/2btube.com\/mx\/privacidad\/","title":{"rendered":"Pol\u00edtica de privacidad"},"content":{"rendered":"\t\t<div data-elementor-type=\"wp-page\" data-elementor-id=\"6535\" class=\"elementor elementor-6535\" data-elementor-post-type=\"page\">\n\t\t\t\t<div class=\"elementor-element elementor-element-468d618 e-con-full e-flex e-con e-parent\" data-id=\"468d618\" data-element_type=\"container\" data-settings=\"{&quot;background_background&quot;:&quot;gradient&quot;}\">\n\t\t<div class=\"elementor-element elementor-element-33479a7 e-con-full e-flex e-con e-child\" data-id=\"33479a7\" data-element_type=\"container\">\n\t\t<div class=\"elementor-element elementor-element-41ddb06 e-con-full e-flex e-con e-child\" data-id=\"41ddb06\" data-element_type=\"container\">\n\t\t\t\t<div class=\"elementor-element elementor-element-872f05e elementor-widget elementor-widget-spacer\" data-id=\"872f05e\" data-element_type=\"widget\" data-widget_type=\"spacer.default\">\n\t\t\t\t<div class=\"elementor-widget-container\">\n\t\t\t\t\t\t\t<div class=\"elementor-spacer\">\n\t\t\t<div class=\"elementor-spacer-inner\"><\/div>\n\t\t<\/div>\n\t\t\t\t\t\t<\/div>\n\t\t\t\t<\/div>\n\t\t\t\t<div class=\"elementor-element elementor-element-60e5674 elementor-widget__width-initial elementor-invisible elementor-widget elementor-widget-heading\" data-id=\"60e5674\" data-element_type=\"widget\" data-settings=\"{&quot;_animation&quot;:&quot;fadeInUp&quot;}\" data-widget_type=\"heading.default\">\n\t\t\t\t<div class=\"elementor-widget-container\">\n\t\t\t\t\t<h1 class=\"elementor-heading-title elementor-size-default\">Pol\u00edtica de <span style=\"color: #00CCCC\">Privacidad<\/span><\/h1>\t\t\t\t<\/div>\n\t\t\t\t<\/div>\n\t\t\t\t<\/div>\n\t\t\t\t<\/div>\n\t\t\t\t<\/div>\n\t\t<div class=\"elementor-element elementor-element-0ba1a50 e-flex e-con-boxed e-con e-parent\" data-id=\"0ba1a50\" data-element_type=\"container\">\n\t\t\t\t\t<div class=\"e-con-inner\">\n\t\t\t\t<div class=\"elementor-element elementor-element-d54d706 elementor-widget elementor-widget-text-editor\" data-id=\"d54d706\" data-element_type=\"widget\" data-widget_type=\"text-editor.default\">\n\t\t\t\t<div class=\"elementor-widget-container\">\n\t\t\t\t\t\t\t\t\t<section class=\"elementor-section elementor-top-section elementor-element elementor-element-1a4570c elementor-section-boxed elementor-section-height-default elementor-section-height-default wpr-particle-no wpr-jarallax-no wpr-parallax-no wpr-sticky-section-no\" data-id=\"1a4570c\" data-element_type=\"section\" data-settings=\"{&quot;jet_parallax_layout_list&quot;:[]}\"><div class=\"elementor-container elementor-column-gap-default\"><div class=\"elementor-column elementor-col-100 elementor-top-column elementor-element elementor-element-bc5001d\" data-id=\"bc5001d\" data-element_type=\"column\"><div class=\"elementor-widget-wrap elementor-element-populated\"><div class=\"elementor-element elementor-element-193a8c6 elementor-widget elementor-widget-text-editor\" data-id=\"193a8c6\" data-element_type=\"widget\" data-widget_type=\"text-editor.default\"><div class=\"elementor-widget-container\"><section class=\"elementor-section elementor-top-section elementor-element elementor-element-61d0c64 elementor-section-boxed elementor-section-height-default elementor-section-height-default wpr-particle-no wpr-jarallax-no wpr-parallax-no wpr-sticky-section-no\" data-id=\"61d0c64\" data-element_type=\"section\" data-settings=\"{&quot;jet_parallax_layout_list&quot;:[]}\"><div class=\"elementor-container elementor-column-gap-default\"><div class=\"elementor-column elementor-col-100 elementor-top-column elementor-element elementor-element-7909bc6\" data-id=\"7909bc6\" data-element_type=\"column\"><div class=\"elementor-widget-wrap elementor-element-populated\"><div class=\"elementor-element elementor-element-43901cb elementor-widget elementor-widget-heading\" data-id=\"43901cb\" data-element_type=\"widget\" data-widget_type=\"heading.default\"><div class=\"elementor-widget-container\"><section class=\"elementor-section elementor-top-section elementor-element elementor-element-90ce25e elementor-section-boxed elementor-section-height-default elementor-section-height-default wpr-particle-no wpr-jarallax-no wpr-parallax-no wpr-sticky-section-no\" data-id=\"90ce25e\" data-element_type=\"section\" data-settings=\"{&quot;jet_parallax_layout_list&quot;:[]}\"><div class=\"elementor-container elementor-column-gap-default\"><div class=\"elementor-column elementor-col-100 elementor-top-column elementor-element elementor-element-54d663c\" data-id=\"54d663c\" data-element_type=\"column\"><div class=\"elementor-widget-wrap elementor-element-populated\"><div class=\"elementor-element elementor-element-bcb7c0c elementor-widget elementor-widget-heading\" data-id=\"bcb7c0c\" data-element_type=\"widget\" data-widget_type=\"heading.default\"><div class=\"elementor-widget-container\"><h2 class=\"elementor-heading-title elementor-size-default\">1. Introducci\u00f3n<\/h2><\/div><\/div><div class=\"elementor-element elementor-element-8b05809 elementor-widget elementor-widget-text-editor\" data-id=\"8b05809\" data-element_type=\"widget\" data-widget_type=\"text-editor.default\"><div class=\"elementor-widget-container\"><p>En esta Pol\u00edtica de Privacidad podr\u00e1s encontrar informaci\u00f3n acerca de los procesos de recogida de tus datos personales, as\u00ed como responder a preguntas tales como el por qu\u00e9 recogemos tus datos, qu\u00e9 hacemos con ellos, con qui\u00e9n los compartimos, c\u00f3mo los protegemos y los derechos que puedes ejercer en base a la legislaci\u00f3n vigente.<\/p><p>\u200bAceptar esta Pol\u00edtica de Privacidad supone estar de acuerdo con las medidas incluidas en esta, aceptando que tratemos tus datos personales como se define a continuaci\u00f3n.<\/p><p>El uso, navegaci\u00f3n, registro por\/en 2btube a trav\u00e9s de los distintos medios en los cuales se reproducen aquellos han sido configurados en base a los principios de transparencia, licitud e informaci\u00f3n, en todo caso cumpliendo con lo establecido en la Ley Org\u00e1nica 3\/2018, de 5 de diciembre, de Protecci\u00f3n de Datos Personales y garant\u00eda de los derechos digitales, y el Reglamento (UE) 2016\/679 del Parlamento Europeo y del Consejo, de 27 de abril de 2016.<\/p><\/div><\/div><\/div><\/div><\/div><\/section><section class=\"elementor-section elementor-top-section elementor-element elementor-element-1dd0314 elementor-section-boxed elementor-section-height-default elementor-section-height-default wpr-particle-no wpr-jarallax-no wpr-parallax-no wpr-sticky-section-no\" data-id=\"1dd0314\" data-element_type=\"section\" data-settings=\"{&quot;jet_parallax_layout_list&quot;:[]}\"><div class=\"elementor-container elementor-column-gap-default\"><div class=\"elementor-column elementor-col-100 elementor-top-column elementor-element elementor-element-e011435\" data-id=\"e011435\" data-element_type=\"column\"><div class=\"elementor-widget-wrap elementor-element-populated\"><div class=\"elementor-element elementor-element-8f61fce elementor-widget elementor-widget-heading\" data-id=\"8f61fce\" data-element_type=\"widget\" data-widget_type=\"heading.default\"><div class=\"elementor-widget-container\"><h2 class=\"elementor-heading-title elementor-size-default\">2. Informaci\u00f3n general sobre la privacidad de los datos<\/h2><\/div><\/div><\/div><\/div><\/div><\/section><section class=\"elementor-section elementor-top-section elementor-element elementor-element-078b926 elementor-section-boxed elementor-section-height-default elementor-section-height-default wpr-particle-no wpr-jarallax-no wpr-parallax-no wpr-sticky-section-no\" data-id=\"078b926\" data-element_type=\"section\" data-settings=\"{&quot;jet_parallax_layout_list&quot;:[]}\"><div class=\"elementor-container elementor-column-gap-default\"><div class=\"elementor-column elementor-col-100 elementor-top-column elementor-element elementor-element-0535487\" data-id=\"0535487\" data-element_type=\"column\"><div class=\"elementor-widget-wrap elementor-element-populated\"><div class=\"elementor-element elementor-element-8cf5ba2 elementor-widget elementor-widget-text-editor\" data-id=\"8cf5ba2\" data-element_type=\"widget\" data-widget_type=\"text-editor.default\"><div class=\"elementor-widget-container\"><table><tbody><tr><td colspan=\"2\"><p>\u00a0<\/p><p>Informaci\u00f3n sobre el Tratamiento de los Datos Personales<\/p><\/td><\/tr><tr><td><p>Responsable del Tratamiento\u00a0<\/p><\/td><td><p>2BTUBE STUDIOS, S.L.U.<\/p><p>NIF: B-87100004<\/p><\/td><\/tr><tr><td><p>Direcci\u00f3n<\/p><\/td><td><p>Calle de Marqu\u00e9s de Monteagudo, N\u00famero 24, C.P. 28028, Madrid, Espa\u00f1a<\/p><p>Tel\u00e9fono: (+34) 91 376 65 99<\/p><\/td><\/tr><\/tbody><\/table><\/div><\/div><\/div><\/div><\/div><\/section><section class=\"elementor-section elementor-top-section elementor-element elementor-element-c2289d2 elementor-section-boxed elementor-section-height-default elementor-section-height-default wpr-particle-no wpr-jarallax-no wpr-parallax-no wpr-sticky-section-no\" data-id=\"c2289d2\" data-element_type=\"section\" data-settings=\"{&quot;jet_parallax_layout_list&quot;:[]}\"><div class=\"elementor-container elementor-column-gap-default\"><div class=\"elementor-column elementor-col-100 elementor-top-column elementor-element elementor-element-c7729ca\" data-id=\"c7729ca\" data-element_type=\"column\"><div class=\"elementor-widget-wrap elementor-element-populated\"><div class=\"elementor-element elementor-element-51c8c25 elementor-widget elementor-widget-text-editor\" data-id=\"51c8c25\" data-element_type=\"widget\" data-widget_type=\"text-editor.default\"><div class=\"elementor-widget-container\"><table><tbody><tr><td><p>Legitimidad y datos que podemos tratar<\/p><\/td><td><p>De conformidad con la normativa de protecci\u00f3n de datos vigente, tus datos personales podr\u00e1n tratarse siempre que:<\/p><br \/><p>\u2013 Nos hayas dado consentimiento. Por supuesto, el consentimiento podr\u00e1 ser retirardo en cualquier momento.<\/p><p>\u2013 Por requerimiento legal.<\/p><p>\u2013 Por existir una relaci\u00f3n contractual.<\/p><p>\u2013 Por exisitr un inter\u00e9s leg\u00edtimo. Por ejemplo: El env\u00edo de newsletter por tu condici\u00f3n de cliente.<\/p><br \/><p>Los datos personales que podemos tratar son los siguientes:\u00a0<\/p><br \/><p>\u2013 Datos de car\u00e1cter personal identificativos.<\/p><p>\u2013 Datos sobre tu visita a nuestro sitio web\u00a0seg\u00fan se describe en la Pol\u00edtica de Cookies.\u200b<\/p><\/td><\/tr><tr><td><p>Finalidades del tratamiento de datos<\/p><\/td><td><p>\u2013 Dar respuesta a peticiones realizadas por el interesado.<\/p><p>\u2013 Mantener la relaci\u00f3n que se haya establecido.<\/p><p>\u2013 Gestionar, administrar, informar, prestar y mejor los servicios que se decidan contratar.<\/p><p>\u2013 Gestionar sus preferencias asociadas al registro de usuario.\u00a0<\/p><p>\u2013 Realizar comunicaciones comerciales relacionadas con nuestros productos y servicios.<\/p><p>\u2013 Gestionar y realizar, en tal caso, sorteos, concursos, promociones y eventos.<\/p><p>\u2013 An\u00e1lisis estad\u00edsticos, investigaci\u00f3n y perfiles en virtud de la navegaci\u00f3n o intereses respecto a los contenidos, en aras a poder mejorar el servicio.<\/p><p>\u2013 Cookies propias y de terceros basadas en preferencias.<\/p><p>\u2013 Contacto, resolver incidencias, gestionar consultas asociadas al servicio o a cualquier otra situaci\u00f3n an\u00e1loga en relaci\u00f3n con 2btube y sus diferentes divisiones.<\/p><\/td><\/tr><\/tbody><\/table><\/div><\/div><\/div><\/div><\/div><\/section><section class=\"elementor-section elementor-top-section elementor-element elementor-element-52d9475 elementor-section-boxed elementor-section-height-default elementor-section-height-default wpr-particle-no wpr-jarallax-no wpr-parallax-no wpr-sticky-section-no\" data-id=\"52d9475\" data-element_type=\"section\" data-settings=\"{&quot;jet_parallax_layout_list&quot;:[]}\"><div class=\"elementor-container elementor-column-gap-default\"><div class=\"elementor-column elementor-col-100 elementor-top-column elementor-element elementor-element-10b6882\" data-id=\"10b6882\" data-element_type=\"column\"><div class=\"elementor-widget-wrap elementor-element-populated\"><div class=\"elementor-element elementor-element-5f84578 elementor-widget elementor-widget-text-editor\" data-id=\"5f84578\" data-element_type=\"widget\" data-widget_type=\"text-editor.default\"><div class=\"elementor-widget-container\"><table><tbody><tr><td><p>Ejercicio de Derechos<\/p><\/td><td><p>Puedes ejercitar de forma totalmente gratuita tus derechos de acceso a tus datos personales para saber cu\u00e1les est\u00e1n siendo objeto de tratamiento y las operaciones de tratamiento llevadas a cabo con ellos, de rectificaci\u00f3n y supresi\u00f3n cuando sea posible, as\u00ed como solicitar que se limite el tratamiento de tus datos personales, oponerse al mismo, solicitar la portabilidad de estos y, cuando proceda, a no ser objeto de decisiones automatizadas, dirigiendo un escrito a la direcci\u00f3n postal arriba indicada o un correo electr\u00f3nico a\u00a0<a href=\"mailto:privacidad@2btube.com\">privacidad@2btube.com<\/a>, aportando una fotocopia de su D.N.I. o documento equivalente, concretando la solicitud.\u00a0<\/p><br \/><p>Tambi\u00e9n tiene derecho a presentar una reclamaci\u00f3n ante la Agencia Espa\u00f1ola de Protecci\u00f3n de Datos (<a href=\"http:\/\/www.aepd.es\/es\" target=\"_blank\" rel=\"noopener\">www.aepd.es\/es<\/a>) sita en la Calle Jorge Juan 6, 28001, Madrid, Espa\u00f1a o, en su caso, ante la autoridad de control pertinente.<\/p><\/td><\/tr><tr><td><p>Per\u00edodo de conservaci\u00f3n de tus datos<\/p><\/td><td><p>Tus datos ser\u00e1n conservados durante la ejecuci\u00f3n y mantenimiento de nuestra relaci\u00f3n contractual, as\u00ed como el tiempo que resulte ser necesario para hacer valer nuestros derechos y hasta el tiempo m\u00e1ximo que la legislaci\u00f3n en vigor nos permita.\u00a0<\/p><br \/><p>Respecto del env\u00edo de comunicaciones comerciales, tus datos ser\u00e1n conservados durante el tiempo que t\u00fa desees que as\u00ed sea, ya que puedes solicitar en cualquier momento que te dejemos de enviar estas comunicaciones, a trav\u00e9s del link incluido al efecto en todas nuestras comunicaciones publicitarias.<\/p><\/td><\/tr><\/tbody><\/table><\/div><\/div><\/div><\/div><\/div><\/section><section class=\"elementor-section elementor-top-section elementor-element elementor-element-183f5ae elementor-section-boxed elementor-section-height-default elementor-section-height-default wpr-particle-no wpr-jarallax-no wpr-parallax-no wpr-sticky-section-no\" data-id=\"183f5ae\" data-element_type=\"section\" data-settings=\"{&quot;jet_parallax_layout_list&quot;:[]}\"><div class=\"elementor-container elementor-column-gap-default\"><div class=\"elementor-column elementor-col-100 elementor-top-column elementor-element elementor-element-be6a99f\" data-id=\"be6a99f\" data-element_type=\"column\"><div class=\"elementor-widget-wrap elementor-element-populated\"><div class=\"elementor-element elementor-element-3796b15 elementor-widget elementor-widget-text-editor\" data-id=\"3796b15\" data-element_type=\"widget\" data-widget_type=\"text-editor.default\"><div class=\"elementor-widget-container\"><table><tbody><tr><td><p>Desistimiento<\/p><\/td><td><p>En cumplimiento de lo dispuesto en el art\u00edculo 22 de la Ley 34\/2002, de 11 de julio, de servicios de la sociedad de la informaci\u00f3n y comercio electr\u00f3nico, si no deseas recibir m\u00e1s informaci\u00f3n sobre nuestros servicios, puedes darte de baja de forma gratuita enviando un correo electr\u00f3nico a\u00a0<a href=\"mailto:privacidad@2btube.com\">privacidad@2btube.com<\/a>\u00a0con asunto\u00a0\u00a0\u201cBAJAS\u201d.<\/p><\/td><\/tr><tr><td><p>Destinatarios<\/p><\/td><td><p>2btube precisa que terceros presten servicios que pudieran llevar afectos tratamiento de datos personal, siempre realiz\u00e1ndose dentro del \u00e1mbito de su actividad y con el fin de garantizar un servicio y calidad adecuados.\u00a0<\/p><p>Una vez se hayan destinado datos personales de interesados a terceros, 2btube diferencia entre los que se consideran Encargados del Tratamiento, necesarios para el correcto funcionamiento de los servicios que presta 2btube, en todo caso estableciendo las medidas legales y t\u00e9cnicas necesarias para preservar el derecho fundamental a la protecci\u00f3n de datos. As\u00ed mismo, en relaci\u00f3n con aquellos terceros que no se representen en la citada figura jur\u00eddica, 2btube le informar\u00e1 de la comunicaci\u00f3n y la necesidad, en su caso, de obtener su consentimiento para el tratamiento afecto a la operaci\u00f3n\/es afectas.<\/p><p>Entre los destinatarios principales en el \u00e1mbito digital destacan las empresas o entidades vinculadas o gestoras en relaci\u00f3n a la edici\u00f3n de secciones y contenidos disponibles y reproducibles a trav\u00e9s de los dominios titularidad de aquellas as\u00ed como los servidores sitos en la Uni\u00f3n Europea y servicios de medici\u00f3n de preferencias (sociodemogr\u00e1ficas: dispositivos, estad\u00edsticas, marketing, anuncios), as\u00ed como las entidades asociadas a la publicidad (anunciantes, agencias de medios, soportes publicitarios) que, en virtud del servicio referido, precisan la data asociada, no siendo responsable 2btube del uso de la misma por dichas entidades, reiterando que disponen de m\u00e1s informaci\u00f3n a trav\u00e9s del enlace afectos de Cookies.<\/p><p>Todos los usuarios que visitan nuestra p\u00e1gina web tienen la oportunidad de unirse a nuestras redes sociales\u00a0\u00a0o grupos. Ten en cuenta que, salvo que le solicitemos sus datos directamente (por ejemplo, mediante acciones de marketing, concursos, promociones, o cualquier otra forma v\u00e1lida), sus datos pertenecer\u00e1n a la red social correspondiente, por lo que le recomendamos que lea detenidamente sus condiciones de uso y pol\u00edticas de privacidad, as\u00ed como, se asegure de configurar sus preferencias en cuanto al tratamiento de los datos.<\/p><p>As\u00ed mismo, 2btube podr\u00e1 ceder sus datos a las Fuerzas y Cuerpos de Seguridad del Estado, a Tribunales u otras autoridades administrativas, judiciales u organismos p\u00fablicos por obligaci\u00f3n legal.<\/p><\/td><\/tr><tr><td><p>Reclamaci\u00f3n<\/p><\/td><td><p>Si consideras que no se te ha dado una soluci\u00f3n satisfecha respecto al ejercicio de sus derechos, puedes acudir a la Agencia Espa\u00f1ola de Protecci\u00f3n de Datos (<a href=\"http:\/\/www.aepd.es\/es\" target=\"_blank\" rel=\"noopener\">www.aepd.es\/es<\/a>) o a cualquier otra aurodidad de control auton\u00f3mica competente, tal como se indica en el apartado sobre \u201cEjercicio de Derechos\u201d.\u00a0<\/p><\/td><\/tr><tr><td><p>Comunicaci\u00f3n de los datos<\/p><\/td><td><p>Los datos personales se comunicar\u00e1n a las empresas destinatarias en inter\u00e9s leg\u00edtimo del Responsable del Tratamiento para la consecuci\u00f3n del mismo: poder ejecutar la prestaci\u00f3n del servicio que se trate o bajo consentimiento expreso e inequ\u00edvoco.<\/p><\/td><\/tr><\/tbody><\/table><\/div><\/div><\/div><\/div><\/div><\/section><section class=\"elementor-section elementor-top-section elementor-element elementor-element-11cded9 elementor-section-boxed elementor-section-height-default elementor-section-height-default wpr-particle-no wpr-jarallax-no wpr-parallax-no wpr-sticky-section-no\" data-id=\"11cded9\" data-element_type=\"section\" data-settings=\"{&quot;jet_parallax_layout_list&quot;:[]}\"><div class=\"elementor-container elementor-column-gap-default\"><div class=\"elementor-column elementor-col-100 elementor-top-column elementor-element elementor-element-a341c70\" data-id=\"a341c70\" data-element_type=\"column\"><div class=\"elementor-widget-wrap elementor-element-populated\"><div class=\"elementor-element elementor-element-f3035f0 elementor-widget elementor-widget-text-editor\" data-id=\"f3035f0\" data-element_type=\"widget\" data-widget_type=\"text-editor.default\"><div class=\"elementor-widget-container\"><table><tbody><tr><td><p>Informaci\u00f3n adicional<\/p><\/td><td><p>El interesado declara que los datos aportados son completos, verdaderos, exactos y se encuentran actualizados, comprometi\u00e9ndose a informar de cualquier cambio. Por tanto, ser\u00e1 \u00fanico responsable de cualquier da\u00f1o o perjuicio, tanto directo como indirecto, que pudiera ocasionar como consecuencia del incumplimiento de la presente obligaci\u00f3n.<\/p><br \/><p>Cuando el usuario facilite datos de terceros, \u00e9ste garantiza\u00a0 que cuenta con el consentimiento de los interesados y se compromete a trasladarle la informaci\u00f3n contenida en esta Pol\u00edtica de Privacidad, eximiendo a esta entidad de cualquier responsabilidad derivada por la falta de cumplimiento de la presente obligaci\u00f3n.<\/p><\/td><\/tr><tr><td><p>Actualizaciones<\/p><\/td><td><p>La presente Pol\u00edtica de Privacidad puede verse modificada y\/o actualizada de vez en cuando, teniendo en cuenta las pautas legales establecidas en cada momento, para adaptarla a las instrucciones espec\u00edficas que pueda dictar la Agencia Espa\u00f1ola de Protecci\u00f3n de Datos o por cambios en nuestro sitio web.<\/p><\/td><\/tr><\/tbody><\/table><\/div><\/div><\/div><\/div><\/div><\/section><\/div><\/div><\/div><\/div><\/div><\/section><\/div><\/div><\/div><\/div><\/div><\/section>\t\t\t\t\t\t\t\t<\/div>\n\t\t\t\t<\/div>\n\t\t\t\t\t<\/div>\n\t\t\t\t<\/div>\n\t\t\t\t<\/div>\n\t\t","protected":false},"excerpt":{"rendered":"<p>Pol\u00edtica de Privacidad 1. Introducci\u00f3n En esta Pol\u00edtica de Privacidad podr\u00e1s encontrar informaci\u00f3n acerca de los procesos de recogida de tus datos personales, as\u00ed como responder a preguntas tales como el por qu\u00e9 recogemos tus datos, qu\u00e9 hacemos con ellos, con qui\u00e9n los compartimos, c\u00f3mo los protegemos y los derechos que puedes ejercer en base [&hellip;]<\/p>\n","protected":false},"author":2,"featured_media":0,"parent":0,"menu_order":0,"comment_status":"closed","ping_status":"closed","template":"","meta":{"_joinchat":[],"footnotes":""},"class_list":["post-6535","page","type-page","status-publish","hentry"],"_links":{"self":[{"href":"https:\/\/2btube.com\/mx\/wp-json\/wp\/v2\/pages\/6535","targetHints":{"allow":["GET"]}}],"collection":[{"href":"https:\/\/2btube.com\/mx\/wp-json\/wp\/v2\/pages"}],"about":[{"href":"https:\/\/2btube.com\/mx\/wp-json\/wp\/v2\/types\/page"}],"author":[{"embeddable":true,"href":"https:\/\/2btube.com\/mx\/wp-json\/wp\/v2\/users\/2"}],"replies":[{"embeddable":true,"href":"https:\/\/2btube.com\/mx\/wp-json\/wp\/v2\/comments?post=6535"}],"version-history":[{"count":0,"href":"https:\/\/2btube.com\/mx\/wp-json\/wp\/v2\/pages\/6535\/revisions"}],"wp:attachment":[{"href":"https:\/\/2btube.com\/mx\/wp-json\/wp\/v2\/media?parent=6535"}],"curies":[{"name":"wp","href":"https:\/\/api.w.org\/{rel}","templated":true}]}}