{"id":6530,"date":"2025-06-12T13:52:59","date_gmt":"2025-06-12T13:52:59","guid":{"rendered":"https:\/\/2btube.com\/mx\/?page_id=6530"},"modified":"2025-07-02T10:08:33","modified_gmt":"2025-07-02T10:08:33","slug":"cookies","status":"publish","type":"page","link":"https:\/\/2btube.com\/mx\/cookies\/","title":{"rendered":"Pol\u00edtica de cookies"},"content":{"rendered":"\t\t<div data-elementor-type=\"wp-page\" data-elementor-id=\"6530\" class=\"elementor elementor-6530\" data-elementor-post-type=\"page\">\n\t\t\t\t<div class=\"elementor-element elementor-element-935f4df e-con-full e-flex e-con e-parent\" data-id=\"935f4df\" data-element_type=\"container\" data-settings=\"{&quot;background_background&quot;:&quot;gradient&quot;}\">\n\t\t<div class=\"elementor-element elementor-element-a97a908 e-con-full e-flex e-con e-child\" data-id=\"a97a908\" data-element_type=\"container\">\n\t\t<div class=\"elementor-element elementor-element-b9e7ab0 e-con-full e-flex e-con e-child\" data-id=\"b9e7ab0\" data-element_type=\"container\">\n\t\t\t\t<div class=\"elementor-element elementor-element-bb296b5 elementor-widget elementor-widget-spacer\" data-id=\"bb296b5\" data-element_type=\"widget\" data-widget_type=\"spacer.default\">\n\t\t\t\t<div class=\"elementor-widget-container\">\n\t\t\t\t\t\t\t<div class=\"elementor-spacer\">\n\t\t\t<div class=\"elementor-spacer-inner\"><\/div>\n\t\t<\/div>\n\t\t\t\t\t\t<\/div>\n\t\t\t\t<\/div>\n\t\t\t\t<div class=\"elementor-element elementor-element-eefd19d elementor-widget__width-initial elementor-invisible elementor-widget elementor-widget-heading\" data-id=\"eefd19d\" data-element_type=\"widget\" data-settings=\"{&quot;_animation&quot;:&quot;fadeInUp&quot;}\" data-widget_type=\"heading.default\">\n\t\t\t\t<div class=\"elementor-widget-container\">\n\t\t\t\t\t<h1 class=\"elementor-heading-title elementor-size-default\">Pol\u00edtica de <span style=\"color: #00CCCC\">Cookies<\/span><\/h1>\t\t\t\t<\/div>\n\t\t\t\t<\/div>\n\t\t\t\t<\/div>\n\t\t\t\t<\/div>\n\t\t\t\t<\/div>\n\t\t<div class=\"elementor-element elementor-element-45cebb4 e-flex e-con-boxed e-con e-parent\" data-id=\"45cebb4\" data-element_type=\"container\">\n\t\t\t\t\t<div class=\"e-con-inner\">\n\t\t\t\t<div class=\"elementor-element elementor-element-72f0667 elementor-widget elementor-widget-text-editor\" data-id=\"72f0667\" data-element_type=\"widget\" data-widget_type=\"text-editor.default\">\n\t\t\t\t<div class=\"elementor-widget-container\">\n\t\t\t\t\t\t\t\t\t<section class=\"elementor-section elementor-top-section elementor-element elementor-element-1a4570c elementor-section-boxed elementor-section-height-default elementor-section-height-default wpr-particle-no wpr-jarallax-no wpr-parallax-no wpr-sticky-section-no\" data-id=\"1a4570c\" data-element_type=\"section\" data-settings=\"{&quot;jet_parallax_layout_list&quot;:[]}\"><div class=\"elementor-container elementor-column-gap-default\"><div class=\"elementor-column elementor-col-100 elementor-top-column elementor-element elementor-element-bc5001d\" data-id=\"bc5001d\" data-element_type=\"column\"><div class=\"elementor-widget-wrap elementor-element-populated\"><div class=\"elementor-element elementor-element-193a8c6 elementor-widget elementor-widget-text-editor\" data-id=\"193a8c6\" data-element_type=\"widget\" data-widget_type=\"text-editor.default\"><div class=\"elementor-widget-container\"><section class=\"elementor-section elementor-top-section elementor-element elementor-element-61d0c64 elementor-section-boxed elementor-section-height-default elementor-section-height-default wpr-particle-no wpr-jarallax-no wpr-parallax-no wpr-sticky-section-no\" data-id=\"61d0c64\" data-element_type=\"section\" data-settings=\"{&quot;jet_parallax_layout_list&quot;:[]}\"><div class=\"elementor-container elementor-column-gap-default\"><div class=\"elementor-column elementor-col-100 elementor-top-column elementor-element elementor-element-7909bc6\" data-id=\"7909bc6\" data-element_type=\"column\"><div class=\"elementor-widget-wrap elementor-element-populated\"><div class=\"elementor-element elementor-element-43901cb elementor-widget elementor-widget-heading\" data-id=\"43901cb\" data-element_type=\"widget\" data-widget_type=\"heading.default\"><div class=\"elementor-widget-container\"><h2 class=\"elementor-heading-title elementor-size-default\">1. Pol\u00edtica de Cookies<\/h2><\/div><\/div><div class=\"elementor-element elementor-element-5520ccd elementor-widget elementor-widget-text-editor\" data-id=\"5520ccd\" data-element_type=\"widget\" data-widget_type=\"text-editor.default\"><div class=\"elementor-widget-container\"><p>El acceso y la navegaci\u00f3n en este sitio web, as\u00ed como el uso de los servicios de esta, nos indica que el usuario est\u00e1 consintiendo la aceptaci\u00f3n de los textos legales incluidos, as\u00ed como de esta Pol\u00edtica de Cookies.\u00a0<\/p><p>Esta p\u00e1gina web\u00a0<a href=\"https:\/\/2btube.com\/\">https:\/\/2btube.com\/<\/a>\u00a0es titularidad de 2BTUBE STUDIOS, S.L.U., entidad nacionalidad espa\u00f1ola, con NIF B-87100004 y registrada en el Registro Mercantil de Madrid, con domicilio social en Madrid, Calle Marqu\u00e9s de Monteagudo, 24, C.P. 28028 y te comunica que utiliza cookies u otros archivos de funcionalidad similar como Pixels, Tags o identificadores en l\u00ednea (en lo sucesivo, \u201ccookies\u201d).<\/p><\/div><\/div><\/div><\/div><\/div><\/section><section class=\"elementor-section elementor-top-section elementor-element elementor-element-699b006 elementor-section-boxed elementor-section-height-default elementor-section-height-default wpr-particle-no wpr-jarallax-no wpr-parallax-no wpr-sticky-section-no\" data-id=\"699b006\" data-element_type=\"section\" data-settings=\"{&quot;jet_parallax_layout_list&quot;:[]}\"><div class=\"elementor-container elementor-column-gap-default\"><div class=\"elementor-column elementor-col-100 elementor-top-column elementor-element elementor-element-da9b8f7\" data-id=\"da9b8f7\" data-element_type=\"column\"><div class=\"elementor-widget-wrap elementor-element-populated\"><div class=\"elementor-element elementor-element-d512d0c elementor-widget elementor-widget-heading\" data-id=\"d512d0c\" data-element_type=\"widget\" data-widget_type=\"heading.default\"><div class=\"elementor-widget-container\"><h2 class=\"elementor-heading-title elementor-size-default\">2. \u00bfQu\u00e9 son las cookies?<\/h2><\/div><\/div><div class=\"elementor-element elementor-element-972a793 elementor-widget elementor-widget-text-editor\" data-id=\"972a793\" data-element_type=\"widget\" data-widget_type=\"text-editor.default\"><div class=\"elementor-widget-container\"><p>Las cookies son ficheros que se descargan en tu ordenador al acceder a determinadas p\u00e1ginas web. Las cookies permiten a una p\u00e1gina web, entre otras cosas, almacenar y recuperar informaci\u00f3n sobre los h\u00e1bitos de navegaci\u00f3n de un usuario o de su equipo y, dependiendo de la informaci\u00f3n que contengan y de la forma en que utilice su equipo, pueden utilizarse para reconocer al usuario. Asimismo, las cookies permiten a los usuarios mejorar su proceso de navegaci\u00f3n, pues permiten que la p\u00e1gina web ofrezca al usuario informaci\u00f3n que puede ser de su inter\u00e9s en funci\u00f3n del uso que realice.<\/p><\/div><\/div><\/div><\/div><\/div><\/section><section class=\"elementor-section elementor-top-section elementor-element elementor-element-f566358 elementor-section-boxed elementor-section-height-default elementor-section-height-default wpr-particle-no wpr-jarallax-no wpr-parallax-no wpr-sticky-section-no\" data-id=\"f566358\" data-element_type=\"section\" data-settings=\"{&quot;jet_parallax_layout_list&quot;:[]}\"><div class=\"elementor-container elementor-column-gap-default\"><div class=\"elementor-column elementor-col-100 elementor-top-column elementor-element elementor-element-32b45ac\" data-id=\"32b45ac\" data-element_type=\"column\"><div class=\"elementor-widget-wrap elementor-element-populated\"><div class=\"elementor-element elementor-element-8dbb3e9 elementor-widget elementor-widget-heading\" data-id=\"8dbb3e9\" data-element_type=\"widget\" data-widget_type=\"heading.default\"><div class=\"elementor-widget-container\"><h2 class=\"elementor-heading-title elementor-size-default\">3. Tipos de cookies<\/h2><\/div><\/div><div class=\"elementor-element elementor-element-449485f elementor-widget elementor-widget-text-editor\" data-id=\"449485f\" data-element_type=\"widget\" data-widget_type=\"text-editor.default\"><div class=\"elementor-widget-container\"><p>Los tipos de cookies pueden dividirse en tres grupos:<\/p><p>\u00a0<\/p><ol><li aria-level=\"1\">Dependiendo de qui\u00e9n sea la entidad que gestione el dominio desde donde se env\u00edan las cookies y trate los datos que se obtengan, se pueden distinguir dos tipos: cookies propias y cookies de terceros.<\/li><\/ol><p>\u00a0<\/p><ol><li aria-level=\"1\">Seg\u00fan el plazo de tiempo que permanecen almacenadas en el navegador, se pueden distinguir otros dos tipos: cookies de sesi\u00f3n o cookies persistentes.<\/li><\/ol><p>\u00a0<\/p><ol><li aria-level=\"1\">Dependiendo de la finalidad para la que se traten los datos obtenidos, podemos encontrarnos con lo siguiente: cookies t\u00e9cnicas, cookies de personalizaci\u00f3n, cookies anal\u00edticas, cookies publicitarias y cookies de publicidad comportamental.<\/li><\/ol><\/div><\/div><\/div><\/div><\/div><\/section><section class=\"elementor-section elementor-top-section elementor-element elementor-element-f64bd8d elementor-section-boxed elementor-section-height-default elementor-section-height-default wpr-particle-no wpr-jarallax-no wpr-parallax-no wpr-sticky-section-no\" data-id=\"f64bd8d\" data-element_type=\"section\" data-settings=\"{&quot;jet_parallax_layout_list&quot;:[]}\"><div class=\"elementor-container elementor-column-gap-default\"><div class=\"elementor-column elementor-col-100 elementor-top-column elementor-element elementor-element-0c258e4\" data-id=\"0c258e4\" data-element_type=\"column\"><div class=\"elementor-widget-wrap elementor-element-populated\"><div class=\"elementor-element elementor-element-0d1ca1e elementor-widget elementor-widget-heading\" data-id=\"0d1ca1e\" data-element_type=\"widget\" data-widget_type=\"heading.default\"><div class=\"elementor-widget-container\"><h2 class=\"elementor-heading-title elementor-size-default\">4. Qu\u00e9 tipos de cookies utiliza esta p\u00e1gina web?<\/h2><\/div><\/div><div class=\"elementor-element elementor-element-c86e479 elementor-widget elementor-widget-text-editor\" data-id=\"c86e479\" data-element_type=\"widget\" data-widget_type=\"text-editor.default\"><div class=\"elementor-widget-container\"><p>\u00a0<\/p><p>Este sitio web emplea las siguientes cookies:\u00a0<\/p><ul><li aria-level=\"1\">Cookies t\u00e9cnicas, ya que permiten al usuario la navegaci\u00f3n a trav\u00e9s de la p\u00e1gina web y la utilizaci\u00f3n de las diferentes opciones o servicios que en ella existen. Estas cookies son necesarias para el funcionamiento del sitio web, permitiendo acceder a las diferentes funcionalidades que posee, por lo que no podr\u00e1n ser desactivadas.<\/li><\/ul><p>\u00a0<\/p><ul><li aria-level=\"1\">Cookies anal\u00edticas: Son aquellas que bien tratadas por nosotros o por terceros, nos permiten cuantificar el n\u00famero de usuarios y as\u00ed realizar la medici\u00f3n y an\u00e1lisis estad\u00edstico de la utilizaci\u00f3n que hacen los usuarios del servicio ofertado. Para ello se analiza su navegaci\u00f3n en nuestra p\u00e1gina web con el fin de mejorar la oferta de productos o servicios que le ofrecemos.<\/li><\/ul><p><br \/>Cookies de terceros (Google Analytics y HubSpot): Se utiliza Google Analytics, un servicio de anal\u00edtica web desarrollada por Google, que permite la medici\u00f3n y an\u00e1lisis de la navegaci\u00f3n en las p\u00e1ginas web. Puedes encontrar m\u00e1s informaci\u00f3n al respecto e inhabilitar el uso de estas cookies:\u00a0<a href=\"https:\/\/support.google.com\/a\/answer\/6304816?hl=es\" target=\"_blank\" rel=\"noopener\">https:\/\/support.google.com\/a\/answer\/6304816?hl=es<\/a>. Se utiliza HubSpot como herramienta para marketing, ventas, gesti\u00f3n de contenido, servicio de atenci\u00f3n y operaciones. Puedes encontrar informaci\u00f3n al respecto en:\u00a0<a href=\"https:\/\/www.hubspot.es\/\" target=\"_blank\" rel=\"noopener\">https:\/\/www.hubspot.es\/<\/a>.<\/p><\/div><\/div><\/div><\/div><\/div><\/section><section class=\"elementor-section elementor-top-section elementor-element elementor-element-5b29fb8 elementor-section-boxed elementor-section-height-default elementor-section-height-default wpr-particle-no wpr-jarallax-no wpr-parallax-no wpr-sticky-section-no\" data-id=\"5b29fb8\" data-element_type=\"section\" data-settings=\"{&quot;jet_parallax_layout_list&quot;:[]}\"><div class=\"elementor-container elementor-column-gap-default\"><div class=\"elementor-column elementor-col-100 elementor-top-column elementor-element elementor-element-d68765b\" data-id=\"d68765b\" data-element_type=\"column\"><div class=\"elementor-widget-wrap elementor-element-populated\"><div class=\"elementor-element elementor-element-985ca82 elementor-widget elementor-widget-heading\" data-id=\"985ca82\" data-element_type=\"widget\" data-widget_type=\"heading.default\"><div class=\"elementor-widget-container\"><h2 class=\"elementor-heading-title elementor-size-default\">5. C\u00f3mo bloquear o eliminar las cookies instaladas<\/h2><\/div><\/div><div class=\"elementor-element elementor-element-fa46316 elementor-widget elementor-widget-text-editor\" data-id=\"fa46316\" data-element_type=\"widget\" data-widget_type=\"text-editor.default\"><div class=\"elementor-widget-container\"><p>En todo momento se puede restringir, bloquear o borrar las cookies utilizando su navegador. Dependiendo del navegador, la operativa cambia, por lo que es conveniente acudir al apartado \u201cAyuda\u201d para saber c\u00f3mo hacerlo.<\/p><ul><li aria-level=\"1\">Internet Explorer:\u00a0<a href=\"http:\/\/windows.microsoft.com\/es-xl\/internet-explorer\/delete-manage-cookies#ie=\" target=\"_blank\" rel=\"noopener\">http:\/\/windows.microsoft.com\/es-xl\/internet-explorer\/delete-manage-cookies#ie=\u201die-10\u2033<\/a>\u00a0<\/li><li aria-level=\"1\">FireFox:\u00a0<a href=\"http:\/\/support.mozilla.org\/es\/kb\/Borrar%20cookies\" target=\"_blank\" rel=\"noopener\">http:\/\/support.mozilla.org\/es\/kb\/Borrar%20cookies<\/a><\/li><li aria-level=\"1\">Chrome:\u00a0<a href=\"http:\/\/support.google.com\/chrome\/answer\/95647?hl=\" target=\"_blank\" rel=\"noopener\">http:\/\/support.google.com\/chrome\/answer\/95647?hl=\u201des<\/a>\u201d<\/li><li aria-level=\"1\">Safari:\u00a0<a href=\"http:\/\/www.apple.com\/es\/privacy\/use-of-cookies\/\" target=\"_blank\" rel=\"noopener\">http:\/\/www.apple.com\/es\/privacy\/use-of-cookies\/<\/a><\/li><li aria-level=\"1\">HubSpot:\u00a0<a href=\"https:\/\/knowledge.hubspot.com\/es\/privacy-and-consent\/customize-your-cookie-tracking-settings-and-consent-banner\" target=\"_blank\" rel=\"noopener\">https:\/\/knowledge.hubspot.com\/es\/privacy-and-consent\/customize-your-cookie-tracking-settings-and-consent-banner<\/a>\u00a0<\/li><\/ul><p>Tenga en cuenta que desactivar alguna cookie puede impedir o dificultar la navegaci\u00f3n o la prestaci\u00f3n de los servicios ofrecidos en la p\u00e1gina web.<\/p><\/div><\/div><\/div><\/div><\/div><\/section><section class=\"elementor-section elementor-top-section elementor-element elementor-element-eae451b elementor-section-boxed elementor-section-height-default elementor-section-height-default wpr-particle-no wpr-jarallax-no wpr-parallax-no wpr-sticky-section-no\" data-id=\"eae451b\" data-element_type=\"section\" data-settings=\"{&quot;jet_parallax_layout_list&quot;:[]}\"><div class=\"elementor-container elementor-column-gap-default\"><div class=\"elementor-column elementor-col-100 elementor-top-column elementor-element elementor-element-8ba2635\" data-id=\"8ba2635\" data-element_type=\"column\"><div class=\"elementor-widget-wrap elementor-element-populated\"><div class=\"elementor-element elementor-element-1210cce elementor-widget elementor-widget-heading\" data-id=\"1210cce\" data-element_type=\"widget\" data-widget_type=\"heading.default\"><div class=\"elementor-widget-container\"><h2 class=\"elementor-heading-title elementor-size-default\">6. Actualizaciones<\/h2><\/div><\/div><div class=\"elementor-element elementor-element-e44dd4f elementor-widget elementor-widget-text-editor\" data-id=\"e44dd4f\" data-element_type=\"widget\" data-widget_type=\"text-editor.default\"><div class=\"elementor-widget-container\"><p>La presente Pol\u00edtica de Cookies puede verse modificada y\/o actualizada de vez en cuando, teniendo en cuenta las pautas legales establecidas en cada momento, para adaptarla a las instrucciones espec\u00edficas que pueda dictar la Agencia Espa\u00f1ola de Protecci\u00f3n de Datos o por cambios en nuestro sitio web.<\/p><p>Por estos motivos, aconsejamos a los usuarios que la visiten peri\u00f3dicamente.\u00a0<\/p><\/div><\/div><\/div><\/div><\/div><\/section><\/div><\/div><\/div><\/div><\/div><\/section>\t\t\t\t\t\t\t\t<\/div>\n\t\t\t\t<\/div>\n\t\t\t\t\t<\/div>\n\t\t\t\t<\/div>\n\t\t\t\t<\/div>\n\t\t","protected":false},"excerpt":{"rendered":"<p>Pol\u00edtica de Cookies 1. Pol\u00edtica de Cookies El acceso y la navegaci\u00f3n en este sitio web, as\u00ed como el uso de los servicios de esta, nos indica que el usuario est\u00e1 consintiendo la aceptaci\u00f3n de los textos legales incluidos, as\u00ed como de esta Pol\u00edtica de Cookies.\u00a0 Esta p\u00e1gina web\u00a0https:\/\/2btube.com\/\u00a0es titularidad de 2BTUBE STUDIOS, S.L.U., entidad [&hellip;]<\/p>\n","protected":false},"author":2,"featured_media":0,"parent":0,"menu_order":0,"comment_status":"closed","ping_status":"closed","template":"","meta":{"_joinchat":[],"footnotes":""},"class_list":["post-6530","page","type-page","status-publish","hentry"],"_links":{"self":[{"href":"https:\/\/2btube.com\/mx\/wp-json\/wp\/v2\/pages\/6530","targetHints":{"allow":["GET"]}}],"collection":[{"href":"https:\/\/2btube.com\/mx\/wp-json\/wp\/v2\/pages"}],"about":[{"href":"https:\/\/2btube.com\/mx\/wp-json\/wp\/v2\/types\/page"}],"author":[{"embeddable":true,"href":"https:\/\/2btube.com\/mx\/wp-json\/wp\/v2\/users\/2"}],"replies":[{"embeddable":true,"href":"https:\/\/2btube.com\/mx\/wp-json\/wp\/v2\/comments?post=6530"}],"version-history":[{"count":0,"href":"https:\/\/2btube.com\/mx\/wp-json\/wp\/v2\/pages\/6530\/revisions"}],"wp:attachment":[{"href":"https:\/\/2btube.com\/mx\/wp-json\/wp\/v2\/media?parent=6530"}],"curies":[{"name":"wp","href":"https:\/\/api.w.org\/{rel}","templated":true}]}}